{"id":1979,"date":"2024-03-14T14:40:25","date_gmt":"2024-03-14T11:40:25","guid":{"rendered":"https:\/\/store.mkuteknoloji.com\/?post_type=product&#038;p=1979"},"modified":"2024-08-06T17:19:30","modified_gmt":"2024-08-06T14:19:30","slug":"mku-s-39-stem-deprem-alarmi","status":"publish","type":"product","link":"https:\/\/raitoy.com\/urun\/mku-s-39-stem-deprem-alarmi\/","title":{"rendered":"MKU-S-39 STEM Deprem Alarm\u0131"},"content":{"rendered":"<p>MKU-S-39 STEM Deprem Alarm\u0131, \u00e7ocuklara temel elektronik kavramlar\u0131 ve hareket sens\u00f6rlerinin nas\u0131l \u00e7al\u0131\u015ft\u0131\u011f\u0131n\u0131 oyun yoluyla \u00f6\u011freten interaktif ve e\u011fitici bir set. Bu set, i\u00e7indeki hareket sens\u00f6r\u00fc vas\u0131tas\u0131yla herhangi bir sars\u0131nt\u0131 veya hareket alg\u0131land\u0131\u011f\u0131nda bir LED&#8217;in yanmas\u0131n\u0131 sa\u011flar. Bu basit, ancak etkili mekanizma sayesinde \u00e7ocuklar, deprem alg\u0131lama teknolojisinin temel prensipleriyle tan\u0131\u015f\u0131r ve bir alarm sisteminin nas\u0131l kurulup \u00e7al\u0131\u015ft\u0131r\u0131laca\u011f\u0131n\u0131 \u00f6\u011frenirler.<\/p>\n<p>Sette bulunan buton, LED&#8217;i s\u00f6nd\u00fcrme i\u015flevine sahiptir, b\u00f6ylece \u00e7ocuklar alarm\u0131 s\u0131f\u0131rlayabilir ve sistemi yeniden harekete ge\u00e7irebilirler. Bu s\u00fcre\u00e7, onlara sebep ve sonu\u00e7 ili\u015fkisini, ayn\u0131 zamanda temel devre bilgisi ve sorun giderme becerilerini anlamada pratik bir deneyim sunar.<\/p>\n<p>Yarat\u0131c\u0131l\u0131\u011f\u0131 ve \u00f6zg\u00fcnl\u00fc\u011f\u00fc te\u015fvik eden MKU-S-39, \u00e7ocuklar\u0131n m\u00fchendislik d\u00fc\u015f\u00fcncesini geli\u015ftirmelerine ve STEM (Bilim, Teknoloji, M\u00fchendislik ve Matematik) alanlar\u0131na olan ilgilerini art\u0131rmalar\u0131na yard\u0131mc\u0131 olur. Ayr\u0131ca, bu set, onlara elektronik d\u00fcnyan\u0131n kap\u0131lar\u0131n\u0131 ara\u015ft\u0131rmaya ve yeni \u015feyler \u00f6\u011frenmeye y\u00f6nlendiren bir ara\u00e7t\u0131r. MKU-S-39 STEM Deprem Alarm\u0131, hem e\u011flenceli hem de bilgilendirici bir deneyim vaat ederek, gelece\u011fin m\u00fchendis ve bilim insanlar\u0131n\u0131 yeti\u015ftirmek i\u00e7in tasarlanm\u0131\u015ft\u0131r.<\/p>\n<p>\u00dcr\u00fcn Ebatlar\u0131: 170\u00d7170\u00d72,7mm<\/p>\n<p><strong>STEM E\u011fitim Materyalleri \u00d6\u011frenme \u00c7\u0131kt\u0131lar\u0131<\/strong><\/p>\n<p>STEM E\u011fitim Materyalleri, \u00f6\u011frencilerin bilim, teknoloji, m\u00fchendislik ve matematik alanlar\u0131nda kritik d\u00fc\u015f\u00fcnme, problem \u00e7\u00f6zme ve yarat\u0131c\u0131 tasar\u0131m becerilerini geli\u015ftirmelerini sa\u011flayacak \u015fekilde tasarlanm\u0131\u015ft\u0131r. Bu materyallerle sa\u011flanan \u00f6\u011frenme \u00e7\u0131kt\u0131lar\u0131 \u015funlar\u0131 i\u00e7erir:<\/p>\n<p><strong>Analitik D\u00fc\u015f\u00fcnme ve Problem \u00c7\u00f6zme<\/strong><\/p>\n<p>\u00d6\u011frenciler, ger\u00e7ek d\u00fcnya problemlerini \u00e7\u00f6zmek i\u00e7in analitik d\u00fc\u015f\u00fcnme ve mant\u0131ksal ak\u0131l y\u00fcr\u00fctme becerilerini kullanmay\u0131 \u00f6\u011frenirler. Bu, onlar\u0131n karma\u015f\u0131k sorunlar\u0131 basit bile\u015fenlere ay\u0131rarak daha etkili \u00e7\u00f6z\u00fcmler \u00fcretmelerine olanak tan\u0131r.<\/p>\n<p><strong>Yarat\u0131c\u0131l\u0131k ve \u0130novasyon<\/strong><\/p>\n<p>STEM e\u011fitim materyalleri, \u00f6\u011frencilere mevcut bilgi ve teknolojileri kullanarak yeni fikirler ve \u00e7\u00f6z\u00fcmler \u00fcretme f\u0131rsat\u0131 sunar. Bu s\u00fcre\u00e7te yarat\u0131c\u0131l\u0131klar\u0131n\u0131 ve inovasyon yeteneklerini geli\u015ftirirler.<\/p>\n<p><strong>Teknolojik Yeterlilik<\/strong><\/p>\n<p>\u00d6\u011frenciler, g\u00fcn\u00fcm\u00fcz\u00fcn h\u0131zla de\u011fi\u015fen teknoloji d\u00fcnyas\u0131nda ba\u015far\u0131l\u0131 olmak i\u00e7in gerekli olan temel teknoloji becerilerini kazan\u0131r. Bu beceriler aras\u0131nda kodlama, robotik ve dijital ara\u00e7lar\u0131n kullan\u0131m\u0131 yer al\u0131r.<\/p>\n<p><strong>M\u00fchendislik Tasar\u0131m\u0131<\/strong><\/p>\n<p>\u00d6\u011frenciler, m\u00fchendislik tasar\u0131m s\u00fcre\u00e7lerini uygulayarak kendi projelerini planlama, geli\u015ftirme ve test etme becerilerini geli\u015ftirir. Bu s\u00fcre\u00e7, problem tan\u0131mlama, \u00e7\u00f6z\u00fcm geli\u015ftirme, prototipleme ve test etme ad\u0131mlar\u0131n\u0131 i\u00e7erir.<\/p>\n<p><strong>Matematiksel Beceriler<\/strong><\/p>\n<p>STEM e\u011fitim materyalleri, \u00f6\u011frencilere matematiksel kavramlar\u0131 ve teknikleri pratik ve anlaml\u0131 bir \u015fekilde uygulama f\u0131rsat\u0131 sunar. Bu, onlar\u0131n matematiksel d\u00fc\u015f\u00fcnme ve veri analizi becerilerini geli\u015ftirir.<\/p>\n<p><strong>Tak\u0131m \u00c7al\u0131\u015fmas\u0131 ve \u0130leti\u015fim<\/strong><\/p>\n<p>\u00d6\u011frenciler, tak\u0131m i\u00e7inde i\u015f birli\u011fi yaparak ve fikirlerini etkili bir \u015fekilde ifade ederek tak\u0131m \u00e7al\u0131\u015fmas\u0131 ve ileti\u015fim becerilerini geli\u015ftirir. Bu beceriler, \u00f6\u011frencilerin gelecekteki akademik ve profesyonel ya\u015famlar\u0131nda kritik \u00f6neme sahiptir.<\/p>\n<p><strong>S\u00fcrd\u00fcr\u00fclebilirlik ve \u00c7evresel Bilin\u00e7<\/strong><\/p>\n<p>STEM e\u011fitim materyalleri, \u00f6\u011frencilere \u00e7evresel sorunlara \u00e7\u00f6z\u00fcm bulma ve s\u00fcrd\u00fcr\u00fclebilirlik ilkelerini entegre etme konusunda bilin\u00e7 kazand\u0131r\u0131r.<\/p>\n<p><strong>Sonu\u00e7 Olarak<\/strong><\/p>\n<p>STEM E\u011fitim Materyalleri, \u00f6\u011frencilere yaln\u0131zca bilgi ve beceri kazand\u0131rmakla kalmaz, ayn\u0131 zamanda onlar\u0131 gelece\u011fin sorunlar\u0131na \u00e7\u00f6z\u00fcm \u00fcretebilecek bireyler olarak yeti\u015ftirir. Bu materyallerle sa\u011flanan e\u011fitim, \u00f6\u011frencilerin hem bireysel hem de toplumsal anlamda daha parlak bir gelece\u011fe do\u011fru ilerlemelerini destekler.<\/p>\n","protected":false},"excerpt":{"rendered":"<p>MKU-S-39 STEM Deprem Alarm\u0131, \u00e7ocuklara temel elektronik kavramlar\u0131 ve hareket sens\u00f6rlerinin nas\u0131l \u00e7al\u0131\u015ft\u0131\u011f\u0131n\u0131 oyun yoluyla \u00f6\u011freten interaktif ve e\u011fitici bir set. Bu set, i\u00e7indeki hareket sens\u00f6r\u00fc vas\u0131tas\u0131yla herhangi bir sars\u0131nt\u0131 veya hareket alg\u0131land\u0131\u011f\u0131nda bir LED&#8217;in yanmas\u0131n\u0131 sa\u011flar. Bu basit, ancak etkili mekanizma sayesinde \u00e7ocuklar, deprem alg\u0131lama teknolojisinin temel prensipleriyle tan\u0131\u015f\u0131r ve bir alarm sisteminin nas\u0131l kurulup \u00e7al\u0131\u015ft\u0131r\u0131laca\u011f\u0131n\u0131 \u00f6\u011frenirler.<\/p>\n<p>Sette bulunan buton, LED&#8217;i s\u00f6nd\u00fcrme i\u015flevine sahiptir, b\u00f6ylece \u00e7ocuklar alarm\u0131 s\u0131f\u0131rlayabilir ve sistemi yeniden harekete ge\u00e7irebilirler. Bu s\u00fcre\u00e7, onlara sebep ve sonu\u00e7 ili\u015fkisini, ayn\u0131 zamanda temel devre bilgisi ve sorun giderme becerilerini anlamada pratik bir deneyim sunar.<\/p>\n<p>Yarat\u0131c\u0131l\u0131\u011f\u0131 ve \u00f6zg\u00fcnl\u00fc\u011f\u00fc te\u015fvik eden MKU-S-39, \u00e7ocuklar\u0131n m\u00fchendislik d\u00fc\u015f\u00fcncesini geli\u015ftirmelerine ve STEM (Bilim, Teknoloji, M\u00fchendislik ve Matematik) alanlar\u0131na olan ilgilerini art\u0131rmalar\u0131na yard\u0131mc\u0131 olur. Ayr\u0131ca, bu set, onlara elektronik d\u00fcnyan\u0131n kap\u0131lar\u0131n\u0131 ara\u015ft\u0131rmaya ve yeni \u015feyler \u00f6\u011frenmeye y\u00f6nlendiren bir ara\u00e7t\u0131r. MKU-S-39 STEM Deprem Alarm\u0131, hem e\u011flenceli hem de bilgilendirici bir deneyim vaat ederek, gelece\u011fin m\u00fchendis ve bilim insanlar\u0131n\u0131 yeti\u015ftirmek i\u00e7in tasarlanm\u0131\u015ft\u0131r.<\/p>\n<p>\u00dcr\u00fcn Ebatlar\u0131: 170\u00d7170\u00d72,7mm<\/p>\n","protected":false},"featured_media":1980,"comment_status":"open","ping_status":"closed","template":"","meta":{"_monsterinsights_skip_tracking":false,"_monsterinsights_sitenote_active":false,"_monsterinsights_sitenote_note":"","_monsterinsights_sitenote_category":0},"product_brand":[],"product_cat":[15,131,146,151,149,152,121],"product_tag":[],"class_list":{"0":"post-1979","1":"product","2":"type-product","3":"status-publish","4":"has-post-thumbnail","6":"product_cat-tum-urunler","7":"product_cat-ahsap-egitim","8":"product_cat-stem-2","9":"product_cat-interaktif-oyuncak","10":"product_cat-interaktif-stem","11":"product_cat-pratik-uygulama","12":"product_cat-stem","14":"first","15":"outofstock","16":"taxable","17":"shipping-taxable","18":"purchasable","19":"product-type-simple"},"aioseo_notices":[],"jetpack_sharing_enabled":true,"_links":{"self":[{"href":"https:\/\/raitoy.com\/wp-json\/wp\/v2\/product\/1979","targetHints":{"allow":["GET"]}}],"collection":[{"href":"https:\/\/raitoy.com\/wp-json\/wp\/v2\/product"}],"about":[{"href":"https:\/\/raitoy.com\/wp-json\/wp\/v2\/types\/product"}],"replies":[{"embeddable":true,"href":"https:\/\/raitoy.com\/wp-json\/wp\/v2\/comments?post=1979"}],"wp:featuredmedia":[{"embeddable":true,"href":"https:\/\/raitoy.com\/wp-json\/wp\/v2\/media\/1980"}],"wp:attachment":[{"href":"https:\/\/raitoy.com\/wp-json\/wp\/v2\/media?parent=1979"}],"wp:term":[{"taxonomy":"product_brand","embeddable":true,"href":"https:\/\/raitoy.com\/wp-json\/wp\/v2\/product_brand?post=1979"},{"taxonomy":"product_cat","embeddable":true,"href":"https:\/\/raitoy.com\/wp-json\/wp\/v2\/product_cat?post=1979"},{"taxonomy":"product_tag","embeddable":true,"href":"https:\/\/raitoy.com\/wp-json\/wp\/v2\/product_tag?post=1979"}],"curies":[{"name":"wp","href":"https:\/\/api.w.org\/{rel}","templated":true}]}}